{"id":14,"date":"2015-06-13T18:48:06","date_gmt":"2015-06-13T16:48:06","guid":{"rendered":"http:\/\/www.damgan-partage.fr\/gazette\/?page_id=14"},"modified":"2018-02-02T19:37:24","modified_gmt":"2018-02-02T17:37:24","slug":"publiez","status":"publish","type":"page","link":"https:\/\/www.damgan-partage.fr\/gazette\/index.php\/publiez\/","title":{"rendered":"Publiez!"},"content":{"rendered":"<p>Ce blog est ouvert \u00e0 tous les damganais. Individus ou associations, tout le monde peut y publier un article tant que c&rsquo;est susceptible d&rsquo;int\u00e9resser les damganais. Il suffit de respecter la charte de base:<\/p>\n<ul>\n<li>pas de politique<\/li>\n<li>pas d&rsquo;annonce commerciale<\/li>\n<li>politesse et bienveillance de rigueur \ud83d\ude42<\/li>\n<\/ul>\n<p>Deux solutions s&rsquo;offrent \u00e0 vous:<\/p>\n<ul>\n<li>publier par email: envoyez votre texte et les \u00e9ventuelles pi\u00e8ces jointes \u00e0 <em>gazette<span style=\"display: none;\">@<\/span>@damgan-<span style=\"display: none;\">@<\/span>partage.fr<\/em><\/li>\n<li>publier de fa\u00e7on autonome: il faut pour cela que je vous cr\u00e9e un compte auteur, merci de me contacter par mail : <em>contact<span style=\"display: none;\">@<\/span>@damgan<span style=\"display: none;\">@<\/span>-partage.fr<\/em><\/li>\n<\/ul>\n","protected":false},"excerpt":{"rendered":"<p>Ce blog est ouvert \u00e0 tous les damganais. Individus ou associations, tout le monde peut y publier un article tant que c&rsquo;est susceptible d&rsquo;int\u00e9resser les damganais. Il suffit de respecter la charte de base: pas de politique pas d&rsquo;annonce commerciale politesse et bienveillance de rigueur \ud83d\ude42 Deux solutions s&rsquo;offrent \u00e0 vous: publier par email: envoyez [&hellip;]<\/p>\n","protected":false},"author":1,"featured_media":0,"parent":0,"menu_order":0,"comment_status":"open","ping_status":"open","template":"","meta":{"jetpack_post_was_ever_published":false,"footnotes":""},"class_list":["post-14","page","type-page","status-publish","hentry"],"jetpack_sharing_enabled":true,"jetpack_shortlink":"https:\/\/wp.me\/P6m2Pb-e","_links":{"self":[{"href":"https:\/\/www.damgan-partage.fr\/gazette\/index.php\/wp-json\/wp\/v2\/pages\/14","targetHints":{"allow":["GET"]}}],"collection":[{"href":"https:\/\/www.damgan-partage.fr\/gazette\/index.php\/wp-json\/wp\/v2\/pages"}],"about":[{"href":"https:\/\/www.damgan-partage.fr\/gazette\/index.php\/wp-json\/wp\/v2\/types\/page"}],"author":[{"embeddable":true,"href":"https:\/\/www.damgan-partage.fr\/gazette\/index.php\/wp-json\/wp\/v2\/users\/1"}],"replies":[{"embeddable":true,"href":"https:\/\/www.damgan-partage.fr\/gazette\/index.php\/wp-json\/wp\/v2\/comments?post=14"}],"version-history":[{"count":11,"href":"https:\/\/www.damgan-partage.fr\/gazette\/index.php\/wp-json\/wp\/v2\/pages\/14\/revisions"}],"predecessor-version":[{"id":637,"href":"https:\/\/www.damgan-partage.fr\/gazette\/index.php\/wp-json\/wp\/v2\/pages\/14\/revisions\/637"}],"wp:attachment":[{"href":"https:\/\/www.damgan-partage.fr\/gazette\/index.php\/wp-json\/wp\/v2\/media?parent=14"}],"curies":[{"name":"wp","href":"https:\/\/api.w.org\/{rel}","templated":true}]}}